{"id":22,"date":"2022-08-08T09:39:35","date_gmt":"2022-08-08T09:39:35","guid":{"rendered":"https:\/\/penyacasaltgn.cat\/?page_id=22"},"modified":"2025-07-14T09:24:27","modified_gmt":"2025-07-14T09:24:27","slug":"qui-som","status":"publish","type":"page","link":"https:\/\/penyacasaltgn.cat\/?page_id=22","title":{"rendered":"Qui som?"},"content":{"rendered":"<div  class='flex_column av-2ur3a-989e7db0e9195561f7decccfd644f0a5 av_one_full  avia-builder-el-0  el_before_av_hr  avia-builder-el-first  first flex_column_div  '     ><style type=\"text\/css\" data-created_by=\"avia_inline_auto\" id=\"style-css-av-l76gj3xl-fc3004cd123232abd124bb030efce746\">\n#top .av-special-heading.av-l76gj3xl-fc3004cd123232abd124bb030efce746{\npadding-bottom:10px;\n}\nbody .av-special-heading.av-l76gj3xl-fc3004cd123232abd124bb030efce746 .av-special-heading-tag .heading-char{\nfont-size:25px;\n}\n.av-special-heading.av-l76gj3xl-fc3004cd123232abd124bb030efce746 .av-subheading{\nfont-size:15px;\n}\n<\/style>\n<div  class='av-special-heading av-l76gj3xl-fc3004cd123232abd124bb030efce746 av-special-heading-h2 blockquote modern-quote modern-centered  avia-builder-el-1  avia-builder-el-no-sibling '><h2 class='av-special-heading-tag'  itemprop=\"headline\"  >SEMPRE AL COSTAT DEL FC BARCELONA<\/h2><div class=\"special-heading-border\"><div class=\"special-heading-inner-border\"><\/div><\/div><\/div><\/div>\n<div  class='hr av-2alju-ff589c4cebe8acf5f420b89af933d18a hr-default  avia-builder-el-2  el_after_av_one_full  el_before_av_one_half '><span class='hr-inner '><span class=\"hr-inner-style\"><\/span><\/span><\/div>\n<div  class='flex_column av-19gfq-5af1cf7a56645346a803e54978d67f43 av_one_half  avia-builder-el-3  el_after_av_hr  el_before_av_one_half  first flex_column_div  '     ><section  class='av_textblock_section av-l76gmxy7-1266def137190da7873e7945287fd28d '   itemscope=\"itemscope\" itemtype=\"https:\/\/schema.org\/CreativeWork\" ><div class='avia_textblock'  itemprop=\"text\" ><p>La\u00a0<strong>PENYA CASAL BARCELONISTA DE TARRAGONA \u201c Francesc Serra\u201d, <\/strong>neix a la ciutat de Tarragona \u00a0el 1985 \u00a0per inicitativa d\u2019alguns socis del FCB amb l\u2019objectiu de promoure el barcelonisme a Tarragona, tenir una Penya ben organitzada a la ciutat i independent de les forces existents dins del Barcelonisme a la ciutat i a les comarques ve\u00efnes.<\/p>\n<p>Des de llavors, promociona l\u2019organitzaci\u00f3 d\u2019autobusos per tal d\u2019assistir a tots els partits a l\u2019estadi i ha estat present en m\u00faltiples despla\u00e7aments per animar a l\u2019equip fora de casa, i hem gaudit d\u2019eliminat\u00f2ries i finals que han marcat la hist\u00f2ria del nostre club. El 27 de mar\u00e7 de 2022, malauradament, ens va deixar el President Francesc Serra Pons, que va ser un dels fundadors de la Penya i \u201c alma mater\u201d de tot el relacionat amb la nostra Penya.<\/p>\n<p>El mateix grup de la Junta varem convocar una Assemblea el 16 de juliol de 2022 i es va proposar i acceptar:<\/p>\n<p>Nomenament de Francesc Serra i Pons com a President Honorific de la Penya i nova denominaci\u00f3 de la nostra Penya: <strong>PENYA CASAL BARCELONISTA DE TARRAGONA \u201c Francesc Serra\u201d.<\/strong><\/p>\n<p>Degut a la situaci\u00f3 econ\u00f2mica derivada per la COVID i altres despeses de manteniment del local, tamb\u00e9 es va decidir continuar amb la Penya ben activa i canviant d&#8217;ubicaci\u00f3 al m\u00e9s que emblem\u00e0tic edifici modernista de la Cooperativa Obrera Tarraconense. Com sempre, seguim donant els mateixos serveis que fins ara.<\/p>\n<p><strong>Tots els barcelonistes s\u00f3n benvinguts a la nostra entitat.<\/strong><\/p>\n<\/div><\/section><\/div><div  class='flex_column av-wium-15d23f164e27760d21370e8e32c47d16 av_one_half  avia-builder-el-5  el_after_av_one_half  avia-builder-el-last  flex_column_div  '     ><div  class='avia-slideshow av-l76gsgu4-b57d50986bc9687c069bdbc2f6080c5e avia-slideshow-gallery av_slideshow avia-slide-slider  avia-builder-el-6  avia-builder-el-no-sibling  av-slideshow-ui av-control-default av-slideshow-manual av-loop-once av-loop-manual-endless av-default-height-applied avia-slideshow-1' data-slideshow-options=\"{&quot;animation&quot;:&quot;slide&quot;,&quot;autoplay&quot;:false,&quot;loop_autoplay&quot;:&quot;once&quot;,&quot;interval&quot;:5,&quot;loop_manual&quot;:&quot;manual-endless&quot;,&quot;autoplay_stopper&quot;:false,&quot;noNavigation&quot;:false,&quot;bg_slider&quot;:false,&quot;keep_padding&quot;:false,&quot;hoverpause&quot;:false,&quot;show_slide_delay&quot;:0}\"  itemprop=\"image\" itemscope=\"itemscope\" itemtype=\"https:\/\/schema.org\/ImageObject\" ><ul class='avia-slideshow-inner ' style='padding-bottom: 80.94674556213%;'><li  class='avia-slideshow-slide av-l76gsgu4-b57d50986bc9687c069bdbc2f6080c5e__0  slide-1 slide-odd'><div data-rel='slideshow-1' class='avia-slide-wrap '   ><div class='av-slideshow-caption av-l76gsgu4-b57d50986bc9687c069bdbc2f6080c5e__0 avia-caption'><div class=\"avia-inner-caption\"><div class='avia-caption-content '  itemprop=\"description\" ><p>Fomentem el barcelonisme arreu i acompanyem l&#8217;equip en els partits m\u00e9s importants.<\/p>\n<\/div><\/div><\/div><img decoding=\"async\" class=\"wp-image-113 avia-img-lazy-loading-not-113\"  src=\"https:\/\/penyacasaltgn.cat\/wp-content\/uploads\/2022\/08\/DSC03062-845x684.jpg\" width=\"845\" height=\"684\" title='DSC03062' alt=''  itemprop=\"thumbnailUrl\" srcset=\"https:\/\/penyacasaltgn.cat\/wp-content\/uploads\/2022\/08\/DSC03062-845x684.jpg 845w, https:\/\/penyacasaltgn.cat\/wp-content\/uploads\/2022\/08\/DSC03062-495x400.jpg 495w\" sizes=\"(max-width: 845px) 100vw, 845px\" \/><\/div><\/li><li  class='avia-slideshow-slide av-l76gsgu4-b57d50986bc9687c069bdbc2f6080c5e__1  slide-2 slide-even'><div data-rel='slideshow-1' class='avia-slide-wrap '   ><div class='av-slideshow-caption av-l76gsgu4-b57d50986bc9687c069bdbc2f6080c5e__1 avia-caption'><div class=\"avia-inner-caption\"><div class='avia-caption-content '  itemprop=\"description\" ><p>Visitem el Camp Nou amb els nostres associats.<\/p>\n<\/div><\/div><\/div><img decoding=\"async\" class=\"wp-image-180 avia-img-lazy-loading-not-180\"  src=\"https:\/\/penyacasaltgn.cat\/wp-content\/uploads\/2022\/09\/DSC02033-845x684.jpg\" width=\"845\" height=\"684\" title='DSC02033' alt=''  itemprop=\"thumbnailUrl\" srcset=\"https:\/\/penyacasaltgn.cat\/wp-content\/uploads\/2022\/09\/DSC02033-845x684.jpg 845w, https:\/\/penyacasaltgn.cat\/wp-content\/uploads\/2022\/09\/DSC02033-495x400.jpg 495w\" sizes=\"(max-width: 845px) 100vw, 845px\" \/><\/div><\/li><li  class='avia-slideshow-slide av-l76gsgu4-b57d50986bc9687c069bdbc2f6080c5e__2  slide-3 slide-odd'><div data-rel='slideshow-1' class='avia-slide-wrap '   ><div class='av-slideshow-caption av-l76gsgu4-b57d50986bc9687c069bdbc2f6080c5e__2 avia-caption'><div class=\"avia-inner-caption\"><div class='avia-caption-content '  itemprop=\"description\" ><p>Abracem i fomentem el barcelonisme des de Tarragona.<\/p>\n<\/div><\/div><\/div><img decoding=\"async\" class=\"wp-image-181 avia-img-lazy-loading-not-181\"  src=\"https:\/\/penyacasaltgn.cat\/wp-content\/uploads\/2022\/09\/FOTO-QUADRE-PENYA-1-845x684.jpg\" width=\"845\" height=\"684\" title='FOTO QUADRE PENYA (1)' alt=''  itemprop=\"thumbnailUrl\" srcset=\"https:\/\/penyacasaltgn.cat\/wp-content\/uploads\/2022\/09\/FOTO-QUADRE-PENYA-1-845x684.jpg 845w, https:\/\/penyacasaltgn.cat\/wp-content\/uploads\/2022\/09\/FOTO-QUADRE-PENYA-1-495x400.jpg 495w\" sizes=\"(max-width: 845px) 100vw, 845px\" \/><\/div><\/li><\/ul><div class='avia-slideshow-arrows avia-slideshow-controls' ><a href='#prev' class='prev-slide ' aria-hidden='true' data-av_icon='\ue87c' data-av_iconfont='entypo-fontello'  tabindex='-1'>Anterior<\/a><a href='#next' class='next-slide ' aria-hidden='true' data-av_icon='\ue87d' data-av_iconfont='entypo-fontello'  tabindex='-1'>Seg\u00fcent<\/a><\/div><div class='avia-slideshow-dots avia-slideshow-controls'><a href='#1' class='goto-slide active' >1<\/a><a href='#2' class='goto-slide ' >2<\/a><a href='#3' class='goto-slide ' >3<\/a><\/div><\/div><\/div><\/p>\n","protected":false},"excerpt":{"rendered":"","protected":false},"author":1,"featured_media":0,"parent":0,"menu_order":0,"comment_status":"closed","ping_status":"closed","template":"","meta":{"footnotes":""},"class_list":["post-22","page","type-page","status-publish","hentry"],"_links":{"self":[{"href":"https:\/\/penyacasaltgn.cat\/index.php?rest_route=\/wp\/v2\/pages\/22","targetHints":{"allow":["GET"]}}],"collection":[{"href":"https:\/\/penyacasaltgn.cat\/index.php?rest_route=\/wp\/v2\/pages"}],"about":[{"href":"https:\/\/penyacasaltgn.cat\/index.php?rest_route=\/wp\/v2\/types\/page"}],"author":[{"embeddable":true,"href":"https:\/\/penyacasaltgn.cat\/index.php?rest_route=\/wp\/v2\/users\/1"}],"replies":[{"embeddable":true,"href":"https:\/\/penyacasaltgn.cat\/index.php?rest_route=%2Fwp%2Fv2%2Fcomments&post=22"}],"version-history":[{"count":9,"href":"https:\/\/penyacasaltgn.cat\/index.php?rest_route=\/wp\/v2\/pages\/22\/revisions"}],"predecessor-version":[{"id":343,"href":"https:\/\/penyacasaltgn.cat\/index.php?rest_route=\/wp\/v2\/pages\/22\/revisions\/343"}],"wp:attachment":[{"href":"https:\/\/penyacasaltgn.cat\/index.php?rest_route=%2Fwp%2Fv2%2Fmedia&parent=22"}],"curies":[{"name":"wp","href":"https:\/\/api.w.org\/{rel}","templated":true}]}}