{"id":38,"date":"2022-08-08T09:50:50","date_gmt":"2022-08-08T09:50:50","guid":{"rendered":"https:\/\/penyacasaltgn.cat\/?page_id=38"},"modified":"2022-09-21T08:33:09","modified_gmt":"2022-09-21T08:33:09","slug":"contacta","status":"publish","type":"page","link":"https:\/\/penyacasaltgn.cat\/?page_id=38","title":{"rendered":"Contacta"},"content":{"rendered":"<div  class='flex_column av-ruvu-d33a6a842418242ac936c7afdb3fa642 av_one_full  avia-builder-el-0  avia-builder-el-no-sibling  first flex_column_div  '     ><section  class='av_textblock_section av-l8bcie4i-264b4ad8ddda675443da6812ae463bb7 '   itemscope=\"itemscope\" itemtype=\"https:\/\/schema.org\/CreativeWork\" ><div class='avia_textblock'  itemprop=\"text\" ><p>Contacta amb la Penya Casal Barcelonista de Tarragona &#8220;Francesc Serra&#8221; a trav\u00e9s del tel\u00e8fon, WhatsApp, correu electr\u00f2nic o els perfils de xarxes socials d&#8217;Instagram i Facebook. Estarem encantats de resoldre els teus dubtes.<\/p>\n<p><strong>HORARI D&#8217;ATENCI\u00d3:\u00a0<\/strong>De dilluns a divendres, de 18.00 a 21.00 hores<\/p>\n<p><strong>CORREU ELECTR\u00d2NIC:<\/strong> <a href=\"mailto:pcbtarragona@gmail.com\">pcbtarragona@gmail.com<\/a><\/p>\n<p><strong>ADRE\u00c7A:\u00a0<\/strong>Carrer Fortuny, 23, Tarragona (Ens reunim una vegada al mes a l&#8217;emblem\u00e0tic edifici de la Cooperativa Obrera Tarraconense)<\/p>\n<p><strong>TEL\u00c8FON:<\/strong> 609306162<\/p>\n<p><strong>WHATSAPP:<\/strong> <a href=\"https:\/\/wa.me\/34609306162\">609306162<\/a><\/p>\n<\/div><\/section><\/div>\n","protected":false},"excerpt":{"rendered":"","protected":false},"author":1,"featured_media":0,"parent":0,"menu_order":0,"comment_status":"closed","ping_status":"closed","template":"","meta":{"footnotes":""},"class_list":["post-38","page","type-page","status-publish","hentry"],"_links":{"self":[{"href":"https:\/\/penyacasaltgn.cat\/index.php?rest_route=\/wp\/v2\/pages\/38","targetHints":{"allow":["GET"]}}],"collection":[{"href":"https:\/\/penyacasaltgn.cat\/index.php?rest_route=\/wp\/v2\/pages"}],"about":[{"href":"https:\/\/penyacasaltgn.cat\/index.php?rest_route=\/wp\/v2\/types\/page"}],"author":[{"embeddable":true,"href":"https:\/\/penyacasaltgn.cat\/index.php?rest_route=\/wp\/v2\/users\/1"}],"replies":[{"embeddable":true,"href":"https:\/\/penyacasaltgn.cat\/index.php?rest_route=%2Fwp%2Fv2%2Fcomments&post=38"}],"version-history":[{"count":4,"href":"https:\/\/penyacasaltgn.cat\/index.php?rest_route=\/wp\/v2\/pages\/38\/revisions"}],"predecessor-version":[{"id":192,"href":"https:\/\/penyacasaltgn.cat\/index.php?rest_route=\/wp\/v2\/pages\/38\/revisions\/192"}],"wp:attachment":[{"href":"https:\/\/penyacasaltgn.cat\/index.php?rest_route=%2Fwp%2Fv2%2Fmedia&parent=38"}],"curies":[{"name":"wp","href":"https:\/\/api.w.org\/{rel}","templated":true}]}}